{"id":223,"date":"2022-11-10T08:51:43","date_gmt":"2022-11-10T08:51:43","guid":{"rendered":"https:\/\/export.mercurytheme.com\/001\/?page_id=215"},"modified":"2023-11-13T09:47:18","modified_gmt":"2023-11-13T09:47:18","slug":"bonusy-2","status":"publish","type":"page","link":"https:\/\/gambler.expert\/pt_pt\/bonusy-2\/","title":{"rendered":"Bonusy"},"content":{"rendered":"<h2 class=\"wp-block-heading\">Najlepsze Bonusy dla Kasyn<\/h2>\n\n\n\n<p>Rozpocznij swoj\u0105 przygod\u0119 z hukiem, korzystaj\u0105c z najbardziej atrakcyjnych bonus\u00f3w powitalnych. Nasza lista obejmuje kasyna oferuj\u0105ce nie tylko hojne kwoty, ale tak\u017ce korzystne warunki obrotu, dzi\u0119ki kt\u00f3rym szybko zamienisz bonusy na realne wygrane.<\/p>\n\n\n\n<h3 class=\"wp-block-heading\">Darmowe Spiny, Dla Mi\u0142o\u015bnik\u00f3w Slot\u00f3w<\/h3>\n\n\n\n<p>Czy jeste\u015b fanem automat\u00f3w? Nasza selekcja obejmuje kasyna oferuj\u0105ce darmowe spiny na najgor\u0119tsze automaty. Odkryj, gdzie znajdziesz najwi\u0119cej darmowych spin\u00f3w i zwi\u0119ksz swoje szanse na wygran\u0105.<\/p>","protected":false},"excerpt":{"rendered":"<p>Najlepsze Bonusy dla Kasyn Rozpocznij swoj\u0105 przygod\u0119 z hukiem, korzystaj\u0105c z najbardziej atrakcyjnych bonus\u00f3w powitalnych. Nasza lista obejmuje kasyna oferuj\u0105ce nie tylko hojne kwoty, ale tak\u017ce korzystne warunki obrotu, dzi\u0119ki kt\u00f3rym szybko zamienisz bonusy na realne wygrane. Darmowe Spiny, Dla Mi\u0142o\u015bnik\u00f3w Slot\u00f3w Czy jeste\u015b fanem automat\u00f3w? Nasza selekcja obejmuje kasyna oferuj\u0105ce darmowe spiny na najgor\u0119tsze [&hellip;]<\/p>","protected":false},"author":1,"featured_media":0,"parent":0,"menu_order":0,"comment_status":"closed","ping_status":"closed","template":"page-bonus-archive-style-1.php","meta":{"footnotes":""},"class_list":["post-223","page","type-page","status-publish","hentry"],"_links":{"self":[{"href":"https:\/\/gambler.expert\/pt_pt\/wp-json\/wp\/v2\/pages\/223","targetHints":{"allow":["GET"]}}],"collection":[{"href":"https:\/\/gambler.expert\/pt_pt\/wp-json\/wp\/v2\/pages"}],"about":[{"href":"https:\/\/gambler.expert\/pt_pt\/wp-json\/wp\/v2\/types\/page"}],"author":[{"embeddable":true,"href":"https:\/\/gambler.expert\/pt_pt\/wp-json\/wp\/v2\/users\/1"}],"replies":[{"embeddable":true,"href":"https:\/\/gambler.expert\/pt_pt\/wp-json\/wp\/v2\/comments?post=223"}],"version-history":[{"count":2,"href":"https:\/\/gambler.expert\/pt_pt\/wp-json\/wp\/v2\/pages\/223\/revisions"}],"predecessor-version":[{"id":402,"href":"https:\/\/gambler.expert\/pt_pt\/wp-json\/wp\/v2\/pages\/223\/revisions\/402"}],"wp:attachment":[{"href":"https:\/\/gambler.expert\/pt_pt\/wp-json\/wp\/v2\/media?parent=223"}],"curies":[{"name":"wp","href":"https:\/\/api.w.org\/{rel}","templated":true}]}}