{"id":222,"date":"2022-11-10T08:47:22","date_gmt":"2022-11-10T08:47:22","guid":{"rendered":"https:\/\/export.mercurytheme.com\/001\/?page_id=213"},"modified":"2022-11-10T08:47:22","modified_gmt":"2022-11-10T08:47:22","slug":"bonus-shortcodes","status":"publish","type":"page","link":"https:\/\/gambler.expert\/fr\/bonus-shortcodes\/","title":{"rendered":"Bonus Shortcodes"},"content":{"rendered":"<div style=\"height:60px\" aria-hidden=\"true\" class=\"wp-block-spacer\"><\/div>\n\n\n\n<h1 class=\"has-text-align-center wp-block-heading\">Bonus Shortcodes<\/h1>\n\n\n\n<p class=\"has-text-align-center has-text-color\" style=\"color:#7f8c8d\">The custom shortcodes for the Mercury theme<\/p>\n\n\n\n<div style=\"height:45px\" aria-hidden=\"true\" class=\"wp-block-spacer\"><\/div>\n\n\n\r\n\t<div class=\"space-shortcode-wrap space-shortcode-8 relative\">\r\n\t\t<div class=\"space-shortcode-wrap-ins relative\">\r\n\r\n\t\t\t\t\t\t<div class=\"space-block-title relative\">\r\n\t\t\t\t<span>Shortcode #1<\/span>\r\n\t\t\t<\/div>\r\n\t\t\t\r\n\t\t\t<div class=\"space-offers-archive-items box-100 relative\">\r\n\r\n\t\t\t\t\r\n\t\t\t\t<div class=\"space-offers-archive-item box-25 relative\">\r\n\t\t\t\t\t<div class=\"space-offers-archive-item-ins relative\">\r\n\t\t\t\t\t\t<div class=\"space-offers-archive-item-wrap text-center relative\">\r\n\r\n\t\t\t\t\t\t\t\t\t\t\t\t\t\t<div class=\"space-offers-archive-item-cat relative\">\r\n\r\n\t\t\t\t\t\t\t\t\t\t\t\t\t\t\t        <a href=\"https:\/\/gambler.expert\/fr\/kategorie\/darmowe-spiny\/\" title=\"Darmowe Spiny\">Darmowe Spiny<\/a>\r\n\t\t\t\t\t\t\t    \t\t\t\t\t\t\t\t\r\n\t\t\t\t\t\t\t<\/div>\r\n\t\t\t\t\t\t\t\r\n\t\t\t\t\t\t\t<div class=\"space-offers-archive-item-title relative\">\r\n\t\t\t\t\t\t\t\t<a href=\"https:\/\/gambler.expert\/fr\/bonusy\/zdobadz-150-do-2000-zl-50-darmowych-spinow-na-start-w-kasynie-xxx\/\" title=\"Zdob\u0105d\u017a 150% do 2000 z\u0142 + 50 darmowych spin\u00f3w na start w Kasynie XXX\">Zdob\u0105d\u017a 150% do 2000 z\u0142 + 50 darmowych spin\u00f3w na start w Kasynie XXX<\/a>\r\n\t\t\t\t\t\t\t<\/div>\r\n\r\n\t\t\t\t\t\t\t\t\t\t\t\t\t\t<div class=\"space-offers-archive-item-code relative\">\r\n\t\t\t\t\t\t\t\t<div class=\"space-offers-archive-item-code-value relative\">\r\n\t\t\t\t\t\t\t\t\tXXX\t\t\t\t\t\t\t\t<\/div>\r\n\t\t\t\t\t\t\t\t<div class=\"space-offers-archive-item-code-title absolute\">\r\n\t\t\t\t\t\t\t\t\t<span>Bonus Code<\/span>\r\n\t\t\t\t\t\t\t\t<\/div>\r\n\t\t\t\t\t\t\t<\/div>\r\n\r\n\t\t\t\t\t\t\t\t\t\t\t\t\t\t\t\t\r\n\t\t\t\t\t\t\t\r\n\t\t\t\t\t\t\t\t\t\t\t\t\t\t<div class=\"space-offers-archive-item-short-desc relative\">\r\n\t\t\t\t\t\t\t\t<p><strong>Zdob\u0105d\u017a 150%<\/strong> do 2000 z\u0142 + 50 darmowych spin\u00f3w na start w Kasynie XXX<\/p>\t\t\t\t\t\t\t<\/div>\r\n\t\t\t\t\t\t\t\r\n\t\t\t\t\t\t\t<div class=\"space-offers-archive-item-button relative\">\r\n\t\t\t\t\t\t\t\t<a href=\"#\" title=\"Odbierz bonus\" target=\"_blank\" rel=\"nofollow\">Odbierz bonus<\/a>\r\n\t\t\t\t\t\t\t<\/div>\r\n\r\n\t\t\t\t\t\t\t\t\t\t\t\t\t\t\t<div class=\"space-organization-header-button-notice relative\" style=\"margin-top: 5px;\">\r\n\t\t\t\t\t\t\t\t\t<span class=\"tc-apply\">T&amp;Cs Apply<\/span>\r\n\t\t\t\t\t\t\t\t\t<div class=\"tc-desc\">\r\n\t\t\t\t\t\t\t\t\t\t<p>Nowi gracze otrzymuj\u0105 100% bonusu do 300 z\u0142 od pierwszej wp\u0142aty w Kasynie XXX.<\/p>\t\t\t\t\t\t\t\t\t<\/div>\r\n\t\t\t\t\t\t\t\t<\/div>\r\n\t\t\t\t\t\t\t\r\n\t\t\t\t\t\t\t\r\n\t\t\t\t\t\t\t<div class=\"space-offers-archive-item-button-notice relative\" style=\"margin-top: 5px;\">\r\n\t\t\t\t\t\t\t\t<p>*Tylko nowi u\u017cytkownicy<\/p>\t\t\t\t\t\t\t<\/div>\r\n\r\n\t\t\t\t\t\t\t\r\n\t\t\t\t\t\t<\/div>\r\n\t\t\t\t\t<\/div>\r\n\t\t\t\t<\/div>\r\n\r\n\t\t\t\t\r\n\t\t\t\t<div class=\"space-offers-archive-item box-25 relative\">\r\n\t\t\t\t\t<div class=\"space-offers-archive-item-ins relative\">\r\n\t\t\t\t\t\t<div class=\"space-offers-archive-item-wrap text-center relative\">\r\n\r\n\t\t\t\t\t\t\t\t\t\t\t\t\t\t<div class=\"space-offers-archive-item-cat relative\">\r\n\r\n\t\t\t\t\t\t\t\t\t\t\t\t\t\t\t        <a href=\"https:\/\/gambler.expert\/fr\/kategorie\/bonus-depozytowy\/\" title=\"Bonus Depozytowy\">Bonus Depozytowy<\/a>\r\n\t\t\t\t\t\t\t    \t\t\t\t\t\t\t\t\r\n\t\t\t\t\t\t\t<\/div>\r\n\t\t\t\t\t\t\t\r\n\t\t\t\t\t\t\t<div class=\"space-offers-archive-item-title relative\">\r\n\t\t\t\t\t\t\t\t<a href=\"https:\/\/gambler.expert\/fr\/bonusy\/bonus-powitalny-120-az-do-150-zl-na-pierwsza-wplate-w-kasynie-yyy\/\" title=\"Bonus powitalny 120% a\u017c do 150 z\u0142 na pierwsz\u0105 wp\u0142at\u0119 w Kasynie YYY\">Bonus powitalny 120% a\u017c do 150 z\u0142 na pierwsz\u0105 wp\u0142at\u0119 w Kasynie YYY<\/a>\r\n\t\t\t\t\t\t\t<\/div>\r\n\r\n\t\t\t\t\t\t\t\t\t\t\t\t\t\t<div class=\"space-offers-archive-item-code relative\">\r\n\t\t\t\t\t\t\t\t<div class=\"space-offers-archive-item-code-value relative\">\r\n\t\t\t\t\t\t\t\t\tGAMBLER120\t\t\t\t\t\t\t\t<\/div>\r\n\t\t\t\t\t\t\t\t<div class=\"space-offers-archive-item-code-title absolute\">\r\n\t\t\t\t\t\t\t\t\t<span>Bonus Code<\/span>\r\n\t\t\t\t\t\t\t\t<\/div>\r\n\t\t\t\t\t\t\t<\/div>\r\n\r\n\t\t\t\t\t\t\t\t\t\t\t\t\t\t\t\t<div class=\"space-offers-archive-item-code-date relative\">\r\n\t\t\t\t\t\t\t\t\tValid Until: <span>D\u00e9c 31, 2025<\/span>\r\n\t\t\t\t\t\t\t\t<\/div>\r\n\t\t\t\t\t\t\t\t\t\t\t\t\t\t\t\t\r\n\t\t\t\t\t\t\t\r\n\t\t\t\t\t\t\t\t\t\t\t\t\t\t<div class=\"space-offers-archive-item-short-desc relative\">\r\n\t\t\t\t\t\t\t\t<p>Bonus powitalny <strong>120% a\u017c do 150 z\u0142<\/strong> na pierwsz\u0105 wp\u0142at\u0119 w Kasynie YYY<\/p>\t\t\t\t\t\t\t<\/div>\r\n\t\t\t\t\t\t\t\r\n\t\t\t\t\t\t\t<div class=\"space-offers-archive-item-button relative\">\r\n\t\t\t\t\t\t\t\t<a href=\"#\" title=\"Odbierz bonus\" target=\"_blank\" rel=\"nofollow\">Odbierz bonus<\/a>\r\n\t\t\t\t\t\t\t<\/div>\r\n\r\n\t\t\t\t\t\t\t\t\t\t\t\t\t\t\t<div class=\"space-organization-header-button-notice relative\" style=\"margin-top: 5px;\">\r\n\t\t\t\t\t\t\t\t\t<span class=\"tc-apply\">T&amp;Cs Apply<\/span>\r\n\t\t\t\t\t\t\t\t\t<div class=\"tc-desc\">\r\n\t\t\t\t\t\t\t\t\t\t<p>Bonus powitalny 120% a\u017c do 150 z\u0142 na pierwsz\u0105 wp\u0142at\u0119 w Kasynie YYY<\/p>\t\t\t\t\t\t\t\t\t<\/div>\r\n\t\t\t\t\t\t\t\t<\/div>\r\n\t\t\t\t\t\t\t\r\n\t\t\t\t\t\t\t\r\n\t\t\t\t\t\t\t<div class=\"space-offers-archive-item-button-notice relative\" style=\"margin-top: 5px;\">\r\n\t\t\t\t\t\t\t\t<p>*Tylko nowi u\u017cytkownicy<\/p>\t\t\t\t\t\t\t<\/div>\r\n\r\n\t\t\t\t\t\t\t\r\n\t\t\t\t\t\t<\/div>\r\n\t\t\t\t\t<\/div>\r\n\t\t\t\t<\/div>\r\n\r\n\t\t\t\t\r\n\t\t\t\t<div class=\"space-offers-archive-item box-25 relative\">\r\n\t\t\t\t\t<div class=\"space-offers-archive-item-ins relative\">\r\n\t\t\t\t\t\t<div class=\"space-offers-archive-item-wrap text-center relative\">\r\n\r\n\t\t\t\t\t\t\t\t\t\t\t\t\t\t<div class=\"space-offers-archive-item-cat relative\">\r\n\r\n\t\t\t\t\t\t\t\t\t\t\t\t\t\t\t        <a href=\"https:\/\/gambler.expert\/fr\/kategorie\/bonus-cashback\/\" title=\"Bonus Cashback\">Bonus Cashback<\/a>\r\n\t\t\t\t\t\t\t    \t\t\t\t\t\t\t\t\r\n\t\t\t\t\t\t\t<\/div>\r\n\t\t\t\t\t\t\t\r\n\t\t\t\t\t\t\t<div class=\"space-offers-archive-item-title relative\">\r\n\t\t\t\t\t\t\t\t<a href=\"https:\/\/gambler.expert\/fr\/bonusy\/odbierz-50-zl-bonusu-od-depozytu-150-w-kasynie-aaa\/\" title=\"Odbierz 50 z\u0142 bonusu od depozytu 150% w Kasynie AAA\">Odbierz 50 z\u0142 bonusu od depozytu 150% w Kasynie AAA<\/a>\r\n\t\t\t\t\t\t\t<\/div>\r\n\r\n\t\t\t\t\t\t\t\t\t\t\t\t\t\t<div class=\"space-offers-archive-item-code relative\">\r\n\t\t\t\t\t\t\t\t<div class=\"space-offers-archive-item-code-value relative\">\r\n\t\t\t\t\t\t\t\t\tGAMBLER50\t\t\t\t\t\t\t\t<\/div>\r\n\t\t\t\t\t\t\t\t<div class=\"space-offers-archive-item-code-title absolute\">\r\n\t\t\t\t\t\t\t\t\t<span>Bonus Code<\/span>\r\n\t\t\t\t\t\t\t\t<\/div>\r\n\t\t\t\t\t\t\t<\/div>\r\n\r\n\t\t\t\t\t\t\t\t\t\t\t\t\t\t\t\t<div class=\"space-offers-archive-item-code-date relative\">\r\n\t\t\t\t\t\t\t\t\tValid Until: <span>D\u00e9c 31, 2025<\/span>\r\n\t\t\t\t\t\t\t\t<\/div>\r\n\t\t\t\t\t\t\t\t\t\t\t\t\t\t\t\t\r\n\t\t\t\t\t\t\t\r\n\t\t\t\t\t\t\t\t\t\t\t\t\t\t<div class=\"space-offers-archive-item-short-desc relative\">\r\n\t\t\t\t\t\t\t\t<p>Odbierz <strong>50 z\u0142 bonusu od depozytu 150%<\/strong> w Kasynie AAA<\/p>\t\t\t\t\t\t\t<\/div>\r\n\t\t\t\t\t\t\t\r\n\t\t\t\t\t\t\t<div class=\"space-offers-archive-item-button relative\">\r\n\t\t\t\t\t\t\t\t<a href=\"#\" title=\"Odbierz bonus\" target=\"_blank\" rel=\"nofollow\">Odbierz bonus<\/a>\r\n\t\t\t\t\t\t\t<\/div>\r\n\r\n\t\t\t\t\t\t\t\t\t\t\t\t\t\t\t<div class=\"space-organization-header-button-notice relative\" style=\"margin-top: 5px;\">\r\n\t\t\t\t\t\t\t\t\t<span class=\"tc-apply\">T&amp;Cs Apply<\/span>\r\n\t\t\t\t\t\t\t\t\t<div class=\"tc-desc\">\r\n\t\t\t\t\t\t\t\t\t\t<p>Odbierz 50 z\u0142 bonusu od depozytu 150% w Kasynie AAA<\/p>\t\t\t\t\t\t\t\t\t<\/div>\r\n\t\t\t\t\t\t\t\t<\/div>\r\n\t\t\t\t\t\t\t\r\n\t\t\t\t\t\t\t\r\n\t\t\t\t\t\t\t<div class=\"space-offers-archive-item-button-notice relative\" style=\"margin-top: 5px;\">\r\n\t\t\t\t\t\t\t\t<p>*Tylko nowi u\u017cytkownicy<\/p>\t\t\t\t\t\t\t<\/div>\r\n\r\n\t\t\t\t\t\t\t\r\n\t\t\t\t\t\t<\/div>\r\n\t\t\t\t\t<\/div>\r\n\t\t\t\t<\/div>\r\n\r\n\t\t\t\t\r\n\t\t\t\t<div class=\"space-offers-archive-item box-25 relative\">\r\n\t\t\t\t\t<div class=\"space-offers-archive-item-ins relative\">\r\n\t\t\t\t\t\t<div class=\"space-offers-archive-item-wrap text-center relative\">\r\n\r\n\t\t\t\t\t\t\t\t\t\t\t\t\t\t<div class=\"space-offers-archive-item-cat relative\">\r\n\r\n\t\t\t\t\t\t\t\t\t\t\t\t\t\t\t        <a href=\"https:\/\/gambler.expert\/fr\/kategorie\/bonus-powitalny\/\" title=\"Bonus Powitalny\">Bonus Powitalny<\/a>\r\n\t\t\t\t\t\t\t    \t\t\t\t\t\t\t\t\r\n\t\t\t\t\t\t\t<\/div>\r\n\t\t\t\t\t\t\t\r\n\t\t\t\t\t\t\t<div class=\"space-offers-archive-item-title relative\">\r\n\t\t\t\t\t\t\t\t<a href=\"https:\/\/gambler.expert\/fr\/bonusy\/nowi-gracze-zgarniaja-130-zl-bonusu-od-depozytu-200-w-kasynie-bbb\/\" title=\"Nowi gracze zgarniaj\u0105 130 z\u0142 bonusu od depozytu 200% w Kasynie BBB\">Nowi gracze zgarniaj\u0105 130 z\u0142 bonusu od depozytu 200% w Kasynie BBB<\/a>\r\n\t\t\t\t\t\t\t<\/div>\r\n\r\n\t\t\t\t\t\t\t\t\t\t\t\t\t\t<div class=\"space-offers-archive-item-code relative\">\r\n\t\t\t\t\t\t\t\t<div class=\"space-offers-archive-item-code-value relative\">\r\n\t\t\t\t\t\t\t\t\tGAMBLER200\t\t\t\t\t\t\t\t<\/div>\r\n\t\t\t\t\t\t\t\t<div class=\"space-offers-archive-item-code-title absolute\">\r\n\t\t\t\t\t\t\t\t\t<span>Bonus Code<\/span>\r\n\t\t\t\t\t\t\t\t<\/div>\r\n\t\t\t\t\t\t\t<\/div>\r\n\r\n\t\t\t\t\t\t\t\t\t\t\t\t\t\t\t\t<div class=\"space-offers-archive-item-code-date relative\">\r\n\t\t\t\t\t\t\t\t\tValid Until: <span>D\u00e9c 31, 2025<\/span>\r\n\t\t\t\t\t\t\t\t<\/div>\r\n\t\t\t\t\t\t\t\t\t\t\t\t\t\t\t\t\r\n\t\t\t\t\t\t\t\r\n\t\t\t\t\t\t\t\t\t\t\t\t\t\t<div class=\"space-offers-archive-item-short-desc relative\">\r\n\t\t\t\t\t\t\t\t<p>Nowi gracze zgarniaj\u0105 <strong>130 z\u0142 bonusu od depozytu<\/strong> 200% w Kasynie BBB<\/p>\t\t\t\t\t\t\t<\/div>\r\n\t\t\t\t\t\t\t\r\n\t\t\t\t\t\t\t<div class=\"space-offers-archive-item-button relative\">\r\n\t\t\t\t\t\t\t\t<a href=\"https:\/\/1.envato.market\/mercury\" title=\"Odbierz bonus\" target=\"_blank\" rel=\"nofollow noopener\">Odbierz bonus<\/a>\r\n\t\t\t\t\t\t\t<\/div>\r\n\r\n\t\t\t\t\t\t\t\t\t\t\t\t\t\t\t<div class=\"space-organization-header-button-notice relative\" style=\"margin-top: 5px;\">\r\n\t\t\t\t\t\t\t\t\t<span class=\"tc-apply\">T&amp;Cs Apply<\/span>\r\n\t\t\t\t\t\t\t\t\t<div class=\"tc-desc\">\r\n\t\t\t\t\t\t\t\t\t\t<p>Nowi gracze zgarniaj\u0105 130 z\u0142 bonusu od depozytu 200% w Kasynie BBB<\/p>\t\t\t\t\t\t\t\t\t<\/div>\r\n\t\t\t\t\t\t\t\t<\/div>\r\n\t\t\t\t\t\t\t\r\n\t\t\t\t\t\t\t\r\n\t\t\t\t\t\t\t<div class=\"space-offers-archive-item-button-notice relative\" style=\"margin-top: 5px;\">\r\n\t\t\t\t\t\t\t\t<p>*Tylko nowi u\u017cytkownicy<\/p>\t\t\t\t\t\t\t<\/div>\r\n\r\n\t\t\t\t\t\t\t\r\n\t\t\t\t\t\t<\/div>\r\n\t\t\t\t\t<\/div>\r\n\t\t\t\t<\/div>\r\n\r\n\t\t\t\t\r\n\t\t\t\t<div class=\"space-offers-archive-item box-25 relative space-dark-style\">\r\n\t\t\t\t\t<div class=\"space-offers-archive-item-ins relative\">\r\n\t\t\t\t\t\t<div class=\"space-offers-archive-item-wrap text-center relative\">\r\n\r\n\t\t\t\t\t\t\t\t\t\t\t\t\t\t<div class=\"space-offers-archive-item-cat relative\">\r\n\r\n\t\t\t\t\t\t\t\t\t\t\t\t\t\t\t        <a href=\"https:\/\/gambler.expert\/fr\/kategorie\/darmowe-spiny\/\" title=\"Darmowe Spiny\">Darmowe Spiny<\/a>\r\n\t\t\t\t\t\t\t    \t\t\t\t\t\t\t\t\r\n\t\t\t\t\t\t\t<\/div>\r\n\t\t\t\t\t\t\t\r\n\t\t\t\t\t\t\t<div class=\"space-offers-archive-item-title relative\">\r\n\t\t\t\t\t\t\t\t<a href=\"https:\/\/gambler.expert\/fr\/bonusy\/10-darmowych-spinow-100-do-2000-zl\/\" title=\"10 darmowych spin\u00f3w + 100% do 2000 z\u0142\">10 darmowych spin\u00f3w + 100% do 2000 z\u0142<\/a>\r\n\t\t\t\t\t\t\t<\/div>\r\n\r\n\t\t\t\t\t\t\t\t\t\t\t\t\t\t<div class=\"space-offers-archive-item-code relative\">\r\n\t\t\t\t\t\t\t\t<div class=\"space-offers-archive-item-code-value relative\">\r\n\t\t\t\t\t\t\t\t\tEXPERT10\t\t\t\t\t\t\t\t<\/div>\r\n\t\t\t\t\t\t\t\t<div class=\"space-offers-archive-item-code-title absolute\">\r\n\t\t\t\t\t\t\t\t\t<span>Bonus Code<\/span>\r\n\t\t\t\t\t\t\t\t<\/div>\r\n\t\t\t\t\t\t\t<\/div>\r\n\r\n\t\t\t\t\t\t\t\t\t\t\t\t\t\t\t\t<div class=\"space-offers-archive-item-code-date relative\">\r\n\t\t\t\t\t\t\t\t\tValid Until: <span>D\u00e9c 31, 2025<\/span>\r\n\t\t\t\t\t\t\t\t<\/div>\r\n\t\t\t\t\t\t\t\t\t\t\t\t\t\t\t\t\r\n\t\t\t\t\t\t\t\r\n\t\t\t\t\t\t\t\t\t\t\t\t\t\t<div class=\"space-offers-archive-item-short-desc relative\">\r\n\t\t\t\t\t\t\t\t<p>10 darmowych spin\u00f3w + <strong>100% do 2000 z\u0142<\/strong><\/p>\t\t\t\t\t\t\t<\/div>\r\n\t\t\t\t\t\t\t\r\n\t\t\t\t\t\t\t<div class=\"space-offers-archive-item-button relative\">\r\n\t\t\t\t\t\t\t\t<a href=\"#\" title=\"Bonus\" target=\"_blank\" rel=\"nofollow\">Bonus<\/a>\r\n\t\t\t\t\t\t\t<\/div>\r\n\r\n\t\t\t\t\t\t\t\t\t\t\t\t\t\t\t<div class=\"space-organization-header-button-notice relative\" style=\"margin-top: 5px;\">\r\n\t\t\t\t\t\t\t\t\t<span class=\"tc-apply\">T&amp;Cs Apply<\/span>\r\n\t\t\t\t\t\t\t\t\t<div class=\"tc-desc\">\r\n\t\t\t\t\t\t\t\t\t\t<p>18+ | Graj odpowiedzialnie |\u00a0Wymagany depozyt w minimalnej wysoko\u015bci 90 PLN. Wym\u00f3g obrotu bonusem got\u00f3wkowym wynosi 35x, a wygranymi z darmowych spin\u00f3w 40x. 200 bonusowych darmowych spin\u00f3w zostanie przyznanych w pakiecie po 20 dziennie w ci\u0105gu kolejnych 10 dni.\u00a0<\/p>\t\t\t\t\t\t\t\t\t<\/div>\r\n\t\t\t\t\t\t\t\t<\/div>\r\n\t\t\t\t\t\t\t\r\n\t\t\t\t\t\t\t\r\n\t\t\t\t\t\t\t<div class=\"space-offers-archive-item-button-notice relative\" style=\"margin-top: 5px;\">\r\n\t\t\t\t\t\t\t\t<p>*Tylko nowi u\u017cytkownicy<\/p>\t\t\t\t\t\t\t<\/div>\r\n\r\n\t\t\t\t\t\t\t\r\n\t\t\t\t\t\t<\/div>\r\n\t\t\t\t\t<\/div>\r\n\t\t\t\t<\/div>\r\n\r\n\t\t\t\t\r\n\t\t\t\t<div class=\"space-offers-archive-item box-25 relative space-dark-style\">\r\n\t\t\t\t\t<div class=\"space-offers-archive-item-ins relative\">\r\n\t\t\t\t\t\t<div class=\"space-offers-archive-item-wrap text-center relative\">\r\n\r\n\t\t\t\t\t\t\t\t\t\t\t\t\t\t<div class=\"space-offers-archive-item-cat relative\">\r\n\r\n\t\t\t\t\t\t\t\t\t\t\t\t\t\t\t        <a href=\"https:\/\/gambler.expert\/fr\/kategorie\/bonus-depozytowy\/\" title=\"Bonus Depozytowy\">Bonus Depozytowy<\/a>\r\n\t\t\t\t\t\t\t    \t\t\t\t\t\t\t\t\r\n\t\t\t\t\t\t\t<\/div>\r\n\t\t\t\t\t\t\t\r\n\t\t\t\t\t\t\t<div class=\"space-offers-archive-item-title relative\">\r\n\t\t\t\t\t\t\t\t<a href=\"https:\/\/gambler.expert\/fr\/bonusy\/odbierz-20-darmowych-spinow-bez-depozytu-i-bonus-110-do-180-zl-w-kasynie\/\" title=\"Odbierz 20 darmowych spin\u00f3w bez depozytu i bonus 110% do 180 z\u0142 w Kasynie\">Odbierz 20 darmowych spin\u00f3w bez depozytu i bonus 110% do 180 z\u0142 w Kasynie<\/a>\r\n\t\t\t\t\t\t\t<\/div>\r\n\r\n\t\t\t\t\t\t\t\t\t\t\t\t\t\t<div class=\"space-offers-archive-item-code relative\">\r\n\t\t\t\t\t\t\t\t<div class=\"space-offers-archive-item-code-value relative\">\r\n\t\t\t\t\t\t\t\t\tGAMBLERSPINY\t\t\t\t\t\t\t\t<\/div>\r\n\t\t\t\t\t\t\t\t<div class=\"space-offers-archive-item-code-title absolute\">\r\n\t\t\t\t\t\t\t\t\t<span>Bonus Code<\/span>\r\n\t\t\t\t\t\t\t\t<\/div>\r\n\t\t\t\t\t\t\t<\/div>\r\n\r\n\t\t\t\t\t\t\t\t\t\t\t\t\t\t\t\t<div class=\"space-offers-archive-item-code-date relative\">\r\n\t\t\t\t\t\t\t\t\tValid Until: <span>D\u00e9c 31, 2025<\/span>\r\n\t\t\t\t\t\t\t\t<\/div>\r\n\t\t\t\t\t\t\t\t\t\t\t\t\t\t\t\t\r\n\t\t\t\t\t\t\t\r\n\t\t\t\t\t\t\t\t\t\t\t\t\t\t<div class=\"space-offers-archive-item-short-desc relative\">\r\n\t\t\t\t\t\t\t\t<p>Odbierz <strong>20 darmowych spin\u00f3w bez depozytu<\/strong> i bonus 110% do 180 z\u0142 w Kasynie<\/p>\t\t\t\t\t\t\t<\/div>\r\n\t\t\t\t\t\t\t\r\n\t\t\t\t\t\t\t<div class=\"space-offers-archive-item-button relative\">\r\n\t\t\t\t\t\t\t\t<a href=\"#\" title=\"Odbierz bonus\" target=\"_blank\" rel=\"nofollow\">Odbierz bonus<\/a>\r\n\t\t\t\t\t\t\t<\/div>\r\n\r\n\t\t\t\t\t\t\t\t\t\t\t\t\t\t\t<div class=\"space-organization-header-button-notice relative\" style=\"margin-top: 5px;\">\r\n\t\t\t\t\t\t\t\t\t<span class=\"tc-apply\">T&amp;Cs Apply<\/span>\r\n\t\t\t\t\t\t\t\t\t<div class=\"tc-desc\">\r\n\t\t\t\t\t\t\t\t\t\t<p>Odbierz 20 darmowych spin\u00f3w bez depozytu i bonus 110% do 180 z\u0142 w Kasynie <\/p>\t\t\t\t\t\t\t\t\t<\/div>\r\n\t\t\t\t\t\t\t\t<\/div>\r\n\t\t\t\t\t\t\t\r\n\t\t\t\t\t\t\t\r\n\t\t\t\t\t\t\t<div class=\"space-offers-archive-item-button-notice relative\" style=\"margin-top: 5px;\">\r\n\t\t\t\t\t\t\t\t<p>*Tylko nowi u\u017cytkownicy<\/p>\t\t\t\t\t\t\t<\/div>\r\n\r\n\t\t\t\t\t\t\t\r\n\t\t\t\t\t\t<\/div>\r\n\t\t\t\t\t<\/div>\r\n\t\t\t\t<\/div>\r\n\r\n\t\t\t\t\r\n\t\t\t\t<div class=\"space-offers-archive-item box-25 relative space-dark-style\">\r\n\t\t\t\t\t<div class=\"space-offers-archive-item-ins relative\">\r\n\t\t\t\t\t\t<div class=\"space-offers-archive-item-wrap text-center relative\">\r\n\r\n\t\t\t\t\t\t\t\t\t\t\t\t\t\t<div class=\"space-offers-archive-item-cat relative\">\r\n\r\n\t\t\t\t\t\t\t\t\t\t\t\t\t\t\t        <a href=\"https:\/\/gambler.expert\/fr\/kategorie\/bonus-cashback\/\" title=\"Bonus Cashback\">Bonus Cashback<\/a>\r\n\t\t\t\t\t\t\t    \t\t\t\t\t\t\t\t\r\n\t\t\t\t\t\t\t<\/div>\r\n\t\t\t\t\t\t\t\r\n\t\t\t\t\t\t\t<div class=\"space-offers-archive-item-title relative\">\r\n\t\t\t\t\t\t\t\t<a href=\"https:\/\/gambler.expert\/fr\/bonusy\/nowi-gracze-zgarniaja-160-zl-bonusu-od-depozytu-w-kasynie-www\/\" title=\"Nowi gracze zgarniaj\u0105 160 z\u0142 bonusu od depozytu w Kasynie WWW\">Nowi gracze zgarniaj\u0105 160 z\u0142 bonusu od depozytu w Kasynie WWW<\/a>\r\n\t\t\t\t\t\t\t<\/div>\r\n\r\n\t\t\t\t\t\t\t\t\t\t\t\t\t\t<div class=\"space-offers-archive-item-code relative\">\r\n\t\t\t\t\t\t\t\t<div class=\"space-offers-archive-item-code-value relative\">\r\n\t\t\t\t\t\t\t\t\tGAMBLER160\t\t\t\t\t\t\t\t<\/div>\r\n\t\t\t\t\t\t\t\t<div class=\"space-offers-archive-item-code-title absolute\">\r\n\t\t\t\t\t\t\t\t\t<span>Bonus Code<\/span>\r\n\t\t\t\t\t\t\t\t<\/div>\r\n\t\t\t\t\t\t\t<\/div>\r\n\r\n\t\t\t\t\t\t\t\t\t\t\t\t\t\t\t\t<div class=\"space-offers-archive-item-code-date relative\">\r\n\t\t\t\t\t\t\t\t\tValid Until: <span>D\u00e9c 31, 2025<\/span>\r\n\t\t\t\t\t\t\t\t<\/div>\r\n\t\t\t\t\t\t\t\t\t\t\t\t\t\t\t\t\r\n\t\t\t\t\t\t\t\r\n\t\t\t\t\t\t\t\t\t\t\t\t\t\t<div class=\"space-offers-archive-item-short-desc relative\">\r\n\t\t\t\t\t\t\t\t<p>Nowi gracze zgarniaj\u0105 <strong>160 z\u0142 bonusu od depozytu<\/strong> w Kasynie WWW<\/p>\t\t\t\t\t\t\t<\/div>\r\n\t\t\t\t\t\t\t\r\n\t\t\t\t\t\t\t<div class=\"space-offers-archive-item-button relative\">\r\n\t\t\t\t\t\t\t\t<a href=\"#\" title=\"Odbierz bonus\" target=\"_blank\" rel=\"nofollow\">Odbierz bonus<\/a>\r\n\t\t\t\t\t\t\t<\/div>\r\n\r\n\t\t\t\t\t\t\t\t\t\t\t\t\t\t\t<div class=\"space-organization-header-button-notice relative\" style=\"margin-top: 5px;\">\r\n\t\t\t\t\t\t\t\t\t<span class=\"tc-apply\">T&amp;Cs Apply<\/span>\r\n\t\t\t\t\t\t\t\t\t<div class=\"tc-desc\">\r\n\t\t\t\t\t\t\t\t\t\t<p>Nowi gracze zgarniaj\u0105 160 z\u0142 bonusu od depozytu w Kasynie WWW<\/p>\t\t\t\t\t\t\t\t\t<\/div>\r\n\t\t\t\t\t\t\t\t<\/div>\r\n\t\t\t\t\t\t\t\r\n\t\t\t\t\t\t\t\r\n\t\t\t\t\t\t\t<div class=\"space-offers-archive-item-button-notice relative\" style=\"margin-top: 5px;\">\r\n\t\t\t\t\t\t\t\t<p>*Tylko nowi u\u017cytkownicy<\/p>\t\t\t\t\t\t\t<\/div>\r\n\r\n\t\t\t\t\t\t\t\r\n\t\t\t\t\t\t<\/div>\r\n\t\t\t\t\t<\/div>\r\n\t\t\t\t<\/div>\r\n\r\n\t\t\t\t\r\n\t\t\t\t<div class=\"space-offers-archive-item box-25 relative space-dark-style\">\r\n\t\t\t\t\t<div class=\"space-offers-archive-item-ins relative\">\r\n\t\t\t\t\t\t<div class=\"space-offers-archive-item-wrap text-center relative\">\r\n\r\n\t\t\t\t\t\t\t\t\t\t\t\t\t\t<div class=\"space-offers-archive-item-cat relative\">\r\n\r\n\t\t\t\t\t\t\t\t\t\t\t\t\t\t\t        <a href=\"https:\/\/gambler.expert\/fr\/kategorie\/bonus-powitalny\/\" title=\"Bonus Powitalny\">Bonus Powitalny<\/a>\r\n\t\t\t\t\t\t\t    \t\t\t\t\t\t\t\t\r\n\t\t\t\t\t\t\t<\/div>\r\n\t\t\t\t\t\t\t\r\n\t\t\t\t\t\t\t<div class=\"space-offers-archive-item-title relative\">\r\n\t\t\t\t\t\t\t\t<a href=\"https:\/\/gambler.expert\/fr\/bonusy\/odbierz-30-darmowych-spinow-bez-depozytu-i-bonus-140-do-220-zl-w-kasynie-nnn\/\" title=\"Odbierz 30 darmowych spin\u00f3w bez depozytu i bonus 140% do 220 z\u0142 w Kasynie NNN\">Odbierz 30 darmowych spin\u00f3w bez depozytu i bonus 140% do 220 z\u0142 w Kasynie NNN<\/a>\r\n\t\t\t\t\t\t\t<\/div>\r\n\r\n\t\t\t\t\t\t\t\t\t\t\t\t\t\t<div class=\"space-offers-archive-item-code relative\">\r\n\t\t\t\t\t\t\t\t<div class=\"space-offers-archive-item-code-value relative\">\r\n\t\t\t\t\t\t\t\t\t140GAMBLER\t\t\t\t\t\t\t\t<\/div>\r\n\t\t\t\t\t\t\t\t<div class=\"space-offers-archive-item-code-title absolute\">\r\n\t\t\t\t\t\t\t\t\t<span>Bonus Code<\/span>\r\n\t\t\t\t\t\t\t\t<\/div>\r\n\t\t\t\t\t\t\t<\/div>\r\n\r\n\t\t\t\t\t\t\t\t\t\t\t\t\t\t\t\t\r\n\t\t\t\t\t\t\t\r\n\t\t\t\t\t\t\t\t\t\t\t\t\t\t<div class=\"space-offers-archive-item-short-desc relative\">\r\n\t\t\t\t\t\t\t\t<p>Odbierz <strong>30 darmowych spin\u00f3w bez depozytu i bonus 140%<\/strong> do 220 z\u0142 w Kasynie NNN<\/p>\t\t\t\t\t\t\t<\/div>\r\n\t\t\t\t\t\t\t\r\n\t\t\t\t\t\t\t<div class=\"space-offers-archive-item-button relative\">\r\n\t\t\t\t\t\t\t\t<a href=\"#\" title=\"Odbierz bonus\" target=\"_blank\" rel=\"nofollow\">Odbierz bonus<\/a>\r\n\t\t\t\t\t\t\t<\/div>\r\n\r\n\t\t\t\t\t\t\t\t\t\t\t\t\t\t\t<div class=\"space-organization-header-button-notice relative\" style=\"margin-top: 5px;\">\r\n\t\t\t\t\t\t\t\t\t<span class=\"tc-apply\">T&amp;Cs Apply<\/span>\r\n\t\t\t\t\t\t\t\t\t<div class=\"tc-desc\">\r\n\t\t\t\t\t\t\t\t\t\t<p>Odbierz 30 darmowych spin\u00f3w bez depozytu i bonus 140% do 220 z\u0142 w Kasynie NNN<\/p>\t\t\t\t\t\t\t\t\t<\/div>\r\n\t\t\t\t\t\t\t\t<\/div>\r\n\t\t\t\t\t\t\t\r\n\t\t\t\t\t\t\t\r\n\t\t\t\t\t\t\t<div class=\"space-offers-archive-item-button-notice relative\" style=\"margin-top: 5px;\">\r\n\t\t\t\t\t\t\t\t<p>*Tylko nowi u\u017cytkownicy<\/p>\t\t\t\t\t\t\t<\/div>\r\n\r\n\t\t\t\t\t\t\t\r\n\t\t\t\t\t\t<\/div>\r\n\t\t\t\t\t<\/div>\r\n\t\t\t\t<\/div>\r\n\r\n\t\t\t\t\r\n\t\t\t<\/div>\r\n\t\t\r\n\t\t<\/div>\r\n\t<\/div>","protected":false},"excerpt":{"rendered":"<p>Bonus Shortcodes The custom shortcodes for the Mercury theme<\/p>","protected":false},"author":1,"featured_media":0,"parent":0,"menu_order":0,"comment_status":"closed","ping_status":"closed","template":"page-without-title.php","meta":{"footnotes":""},"class_list":["post-222","page","type-page","status-publish","hentry"],"_links":{"self":[{"href":"https:\/\/gambler.expert\/fr\/wp-json\/wp\/v2\/pages\/222","targetHints":{"allow":["GET"]}}],"collection":[{"href":"https:\/\/gambler.expert\/fr\/wp-json\/wp\/v2\/pages"}],"about":[{"href":"https:\/\/gambler.expert\/fr\/wp-json\/wp\/v2\/types\/page"}],"author":[{"embeddable":true,"href":"https:\/\/gambler.expert\/fr\/wp-json\/wp\/v2\/users\/1"}],"replies":[{"embeddable":true,"href":"https:\/\/gambler.expert\/fr\/wp-json\/wp\/v2\/comments?post=222"}],"version-history":[{"count":0,"href":"https:\/\/gambler.expert\/fr\/wp-json\/wp\/v2\/pages\/222\/revisions"}],"wp:attachment":[{"href":"https:\/\/gambler.expert\/fr\/wp-json\/wp\/v2\/media?parent=222"}],"curies":[{"name":"wp","href":"https:\/\/api.w.org\/{rel}","templated":true}]}}